{"id":2807,"date":"2026-04-15T22:08:09","date_gmt":"2026-04-15T22:08:09","guid":{"rendered":"https:\/\/medine-event.com\/?post_type=product&#038;p=2807"},"modified":"2026-04-20T07:06:06","modified_gmt":"2026-04-20T07:06:06","slug":"programme-intensif-arabe-medine-5-semaines-famille-appartement-prive","status":"publish","type":"product","link":"https:\/\/medine-event.com\/en\/product\/programme-intensif-arabe-medine-5-semaines-famille-appartement-prive\/","title":{"rendered":"Programme Intensif Arabe M\u00e9dine (5 semaines) \u2013 Famille (Appartement priv\u00e9)"},"content":{"rendered":"<h1 data-section-id=\"q38i8d\" data-start=\"640\" data-end=\"677\">\ud83d\udcdd DESCRIPTION LONGUE<\/h1>\n<h2 data-section-id=\"5c47tl\" data-start=\"679\" data-end=\"728\">\ud83c\udfdb Programme Intensif Arabe \u2013 M\u00e9dine (Famille)<\/h2>\n<p data-start=\"730\" data-end=\"890\">Ce programme est con\u00e7u pour les familles souhaitant apprendre l\u2019arabe dans un cadre structur\u00e9, tout en b\u00e9n\u00e9ficiant d\u2019un environnement adapt\u00e9 \u00e0 la vie familiale.<\/p>\n<p data-start=\"892\" data-end=\"980\">Il combine une formation acad\u00e9mique s\u00e9rieuse avec une organisation logistique facilit\u00e9e.<\/p>\n<hr data-start=\"982\" data-end=\"985\" \/>\n<h2 data-section-id=\"o0r3ma\" data-start=\"987\" data-end=\"1015\">\ud83c\udfaf Objectifs du programme<\/h2>\n<ul data-start=\"1017\" data-end=\"1246\">\n<li data-section-id=\"rn1oz6\" data-start=\"1017\" data-end=\"1072\">Permettre aux parents de progresser en langue arabe<\/li>\n<li data-section-id=\"1btkaep\" data-start=\"1073\" data-end=\"1124\">Structurer un apprentissage r\u00e9gulier et s\u00e9rieux<\/li>\n<li data-section-id=\"1ccpb75\" data-start=\"1125\" data-end=\"1182\">D\u00e9velopper une compr\u00e9hension progressive de la langue<\/li>\n<li data-section-id=\"g3dsry\" data-start=\"1183\" data-end=\"1246\">Cr\u00e9er un environnement propice \u00e0 l\u2019apprentissage en famille<\/li>\n<\/ul>\n<h2 data-section-id=\"xetdue\" data-start=\"1253\" data-end=\"1271\">\ud83d\udcda M\u00e9thodologie<\/h2>\n<ul data-start=\"1273\" data-end=\"1423\">\n<li data-section-id=\"phmhc0\" data-start=\"1273\" data-end=\"1315\">Programme bas\u00e9 sur les Tomes de M\u00e9dine<\/li>\n<li data-section-id=\"15g1etz\" data-start=\"1316\" data-end=\"1336\">1 le\u00e7on par jour<\/li>\n<li data-section-id=\"tm0ci3\" data-start=\"1337\" data-end=\"1366\">Exercices \u00e9crits et oraux<\/li>\n<li data-section-id=\"dqqns4\" data-start=\"1367\" data-end=\"1391\">R\u00e9visions r\u00e9guli\u00e8res<\/li>\n<li data-section-id=\"z2wot6\" data-start=\"1392\" data-end=\"1423\">Suivi p\u00e9dagogique structur\u00e9<\/li>\n<\/ul>\n<h2 data-section-id=\"mfsw9b\" data-start=\"1430\" data-end=\"1448\">\ud83d\udcc5 Organisation<\/h2>\n<ul data-start=\"1450\" data-end=\"1566\">\n<li data-section-id=\"tkwdvn\" data-start=\"1450\" data-end=\"1472\">Dur\u00e9e : 5 semaines<\/li>\n<li data-section-id=\"1g7h907\" data-start=\"1473\" data-end=\"1496\">5 jours par semaine<\/li>\n<li data-section-id=\"952bn8\" data-start=\"1497\" data-end=\"1528\">3h de cours par jour<\/li>\n<li data-section-id=\"1usp3u7\" data-start=\"1529\" data-end=\"1566\">Organisation adapt\u00e9e aux familles<\/li>\n<\/ul>\n<h2 data-section-id=\"21y3tx\" data-start=\"1573\" data-end=\"1617\">\ud83c\udfe0 H\u00e9bergement \u2013 Appartement priv\u00e9 inclus<\/h2>\n<p data-start=\"1619\" data-end=\"1640\">Le programme inclut :<\/p>\n<ul data-start=\"1642\" data-end=\"1772\">\n<li data-section-id=\"1ngsz3h\" data-start=\"1642\" data-end=\"1663\">Appartement priv\u00e9<\/li>\n<li data-section-id=\"y935vc\" data-start=\"1664\" data-end=\"1687\">Adapt\u00e9 aux familles<\/li>\n<li data-section-id=\"kxg98q\" data-start=\"1688\" data-end=\"1714\">Organisation facilit\u00e9e<\/li>\n<li data-section-id=\"1hr6t63\" data-start=\"1715\" data-end=\"1772\">Environnement stable pendant toute la dur\u00e9e du s\u00e9jour<\/li>\n<\/ul>\n<h2 data-section-id=\"4igetz\" data-start=\"1779\" data-end=\"1815\">\ud83d\udc68\u200d\ud83d\udc69\u200d\ud83d\udc67 Organisation p\u00e9dagogique<\/h2>\n<ul data-start=\"1817\" data-end=\"1951\">\n<li data-section-id=\"11047y1\" data-start=\"1817\" data-end=\"1850\">Les parents suivent les cours<\/li>\n<li data-section-id=\"161ib54\" data-start=\"1851\" data-end=\"1904\">Organisation adapt\u00e9e selon la situation familiale<\/li>\n<li data-section-id=\"3859ow\" data-start=\"1905\" data-end=\"1951\">Possibilit\u00e9 d\u2019ajustement selon les besoins<\/li>\n<\/ul>\n<h2 data-section-id=\"h5aj39\" data-start=\"1958\" data-end=\"1988\">\ud83d\udc65 Organisation des niveaux<\/h2>\n<ul data-start=\"1990\" data-end=\"2024\">\n<li data-section-id=\"7bqu5\" data-start=\"1990\" data-end=\"2002\">D\u00e9butant<\/li>\n<li data-section-id=\"xxu90q\" data-start=\"2003\" data-end=\"2013\">Tome 1<\/li>\n<li data-section-id=\"xxu9t5\" data-start=\"2014\" data-end=\"2024\">Tome 2<\/li>\n<\/ul>\n<p data-start=\"2026\" data-end=\"2066\">R\u00e9partition apr\u00e8s validation du dossier.<\/p>\n<h2 data-section-id=\"1dkpwst\" data-start=\"2073\" data-end=\"2097\">\u26a0\ufe0f Conditions d\u2019acc\u00e8s<\/h2>\n<ul data-start=\"2099\" data-end=\"2212\">\n<li data-section-id=\"f7pcvl\" data-start=\"2099\" data-end=\"2126\">Candidature obligatoire<\/li>\n<li data-section-id=\"1vi79ij\" data-start=\"2127\" data-end=\"2149\">Entretien possible<\/li>\n<li data-section-id=\"1ckxk5x\" data-start=\"2150\" data-end=\"2179\">Engagement s\u00e9rieux requis<\/li>\n<li data-section-id=\"1nu2bea\" data-start=\"2180\" data-end=\"2212\">Nombre d\u2019appartements limit\u00e9<\/li>\n<\/ul>\n<h2 data-section-id=\"1htjcq6\" data-start=\"2219\" data-end=\"2235\">\ud83e\uddfe Validation<\/h2>\n<ul data-start=\"2237\" data-end=\"2319\">\n<li data-section-id=\"1c7ms2p\" data-start=\"2237\" data-end=\"2263\">\u00c9valuations r\u00e9guli\u00e8res<\/li>\n<li data-section-id=\"nnmzni\" data-start=\"2264\" data-end=\"2280\">Examen final<\/li>\n<li data-section-id=\"zv5mzr\" data-start=\"2281\" data-end=\"2319\">Certificat d\u00e9livr\u00e9 sous conditions<\/li>\n<\/ul>\n<h2 data-section-id=\"13kkmgm\" data-start=\"2326\" data-end=\"2341\">\ud83d\udea8 Important<\/h2>\n<p data-start=\"2343\" data-end=\"2513\">Le nombre d\u2019appartements \u00e9tant limit\u00e9, les places sont tr\u00e8s restreintes.<br data-start=\"2415\" data-end=\"2418\" \/>Ce programme est destin\u00e9 aux familles souhaitant s\u2019investir pleinement dans leur apprentissage.<\/p>","protected":false},"excerpt":{"rendered":"<p>\ud83d\udcdd DESCRIPTION LONGUE \ud83c\udfdb Programme Intensif Arabe \u2013 M\u00e9dine (Famille) Ce programme est con\u00e7u pour les familles souhaitant apprendre l\u2019arabe [&hellip;]<\/p>","protected":false},"featured_media":2057,"template":"","meta":{"site-sidebar-layout":"default","site-content-layout":"","ast-site-content-layout":"default","site-content-style":"default","site-sidebar-style":"default","ast-global-header-display":"","ast-banner-title-visibility":"","ast-main-header-display":"","ast-hfb-above-header-display":"","ast-hfb-below-header-display":"","ast-hfb-mobile-header-display":"","site-post-title":"","ast-breadcrumbs-content":"","ast-featured-img":"","footer-sml-layout":"","theme-transparent-header-meta":"default","adv-header-id-meta":"","stick-header-meta":"","header-above-stick-meta":"","header-main-stick-meta":"","header-below-stick-meta":"","astra-migrate-meta-layouts":"set","ast-page-background-enabled":"default","ast-page-background-meta":{"desktop":{"background-color":"var(--ast-global-color-5)","background-image":"","background-repeat":"repeat","background-position":"center center","background-size":"auto","background-attachment":"scroll","background-type":"","background-media":"","overlay-type":"","overlay-color":"","overlay-opacity":"","overlay-gradient":""},"tablet":{"background-color":"","background-image":"","background-repeat":"repeat","background-position":"center center","background-size":"auto","background-attachment":"scroll","background-type":"","background-media":"","overlay-type":"","overlay-color":"","overlay-opacity":"","overlay-gradient":""},"mobile":{"background-color":"","background-image":"","background-repeat":"repeat","background-position":"center center","background-size":"auto","background-attachment":"scroll","background-type":"","background-media":"","overlay-type":"","overlay-color":"","overlay-opacity":"","overlay-gradient":""}},"ast-content-background-meta":{"desktop":{"background-color":"var(--ast-global-color-4)","background-image":"","background-repeat":"repeat","background-position":"center center","background-size":"auto","background-attachment":"scroll","background-type":"","background-media":"","overlay-type":"","overlay-color":"","overlay-opacity":"","overlay-gradient":""},"tablet":{"background-color":"var(--ast-global-color-4)","background-image":"","background-repeat":"repeat","background-position":"center center","background-size":"auto","background-attachment":"scroll","background-type":"","background-media":"","overlay-type":"","overlay-color":"","overlay-opacity":"","overlay-gradient":""},"mobile":{"background-color":"var(--ast-global-color-4)","background-image":"","background-repeat":"repeat","background-position":"center center","background-size":"auto","background-attachment":"scroll","background-type":"","background-media":"","overlay-type":"","overlay-color":"","overlay-opacity":"","overlay-gradient":""}},"_joinchat":[]},"product_brand":[],"product_cat":[17],"product_tag":[],"class_list":{"0":"post-2807","1":"product","2":"type-product","3":"status-publish","4":"has-post-thumbnail","6":"product_cat-uncategorized","7":"desktop-align-left","8":"tablet-align-left","9":"mobile-align-left","11":"first","12":"instock","13":"virtual","14":"purchasable","15":"product-type-simple"},"jetpack_sharing_enabled":true,"_links":{"self":[{"href":"https:\/\/medine-event.com\/en\/wp-json\/wp\/v2\/product\/2807","targetHints":{"allow":["GET"]}}],"collection":[{"href":"https:\/\/medine-event.com\/en\/wp-json\/wp\/v2\/product"}],"about":[{"href":"https:\/\/medine-event.com\/en\/wp-json\/wp\/v2\/types\/product"}],"wp:featuredmedia":[{"embeddable":true,"href":"https:\/\/medine-event.com\/en\/wp-json\/wp\/v2\/media\/2057"}],"wp:attachment":[{"href":"https:\/\/medine-event.com\/en\/wp-json\/wp\/v2\/media?parent=2807"}],"wp:term":[{"taxonomy":"product_brand","embeddable":true,"href":"https:\/\/medine-event.com\/en\/wp-json\/wp\/v2\/product_brand?post=2807"},{"taxonomy":"product_cat","embeddable":true,"href":"https:\/\/medine-event.com\/en\/wp-json\/wp\/v2\/product_cat?post=2807"},{"taxonomy":"product_tag","embeddable":true,"href":"https:\/\/medine-event.com\/en\/wp-json\/wp\/v2\/product_tag?post=2807"}],"curies":[{"name":"wp","href":"https:\/\/api.w.org\/{rel}","templated":true}]}}