{"id":2806,"date":"2026-04-15T21:52:36","date_gmt":"2026-04-15T21:52:36","guid":{"rendered":"https:\/\/medine-event.com\/?post_type=product&#038;p=2806"},"modified":"2026-04-20T06:57:35","modified_gmt":"2026-04-20T06:57:35","slug":"programme-intensif-arabe-medine-5-semaines-femmes","status":"publish","type":"product","link":"https:\/\/medine-event.com\/en\/product\/programme-intensif-arabe-medine-5-semaines-femmes\/","title":{"rendered":"Programme Intensif Arabe M\u00e9dine (5 semaines) \u2013 Sans logement (Hommes \/ Femmes)"},"content":{"rendered":"<h2 data-section-id=\"uksvpm\" data-start=\"564\" data-end=\"612\">\ud83c\udfdb Programme Intensif Arabe \u2013 M\u00e9dine (Sans logement)<\/h2>\n<p data-start=\"614\" data-end=\"730\">Ce programme est con\u00e7u pour les personnes (femmes &amp; hommes) souhaitant apprendre l\u2019arabe dans un cadre s\u00e9rieux, structur\u00e9 et respectueux.<\/p>\n<p data-start=\"732\" data-end=\"848\">Bas\u00e9 sur la m\u00e9thode des Tomes de M\u00e9dine, il permet une progression claire et durable, avec un accompagnement adapt\u00e9.<\/p>\n<h2 data-section-id=\"o0r3ma\" data-start=\"855\" data-end=\"883\">\ud83c\udfaf Objectifs du programme<\/h2>\n<ul data-start=\"885\" data-end=\"1057\">\n<li data-section-id=\"ou0yez\" data-start=\"885\" data-end=\"931\">Acqu\u00e9rir des bases solides en langue arabe<\/li>\n<li data-section-id=\"c3aajo\" data-start=\"932\" data-end=\"975\">Comprendre les structures fondamentales<\/li>\n<li data-section-id=\"1uxd9rp\" data-start=\"976\" data-end=\"1016\">Lire et analyser des phrases simples<\/li>\n<li data-section-id=\"10c3pas\" data-start=\"1017\" data-end=\"1057\">D\u00e9velopper une autonomie progressive<\/li>\n<\/ul>\n<h2 data-section-id=\"xetdue\" data-start=\"1064\" data-end=\"1082\">\ud83d\udcda M\u00e9thodologie<\/h2>\n<ul data-start=\"1084\" data-end=\"1240\">\n<li data-section-id=\"phmhc0\" data-start=\"1084\" data-end=\"1126\">Programme bas\u00e9 sur les Tomes de M\u00e9dine<\/li>\n<li data-section-id=\"15g1etz\" data-start=\"1127\" data-end=\"1147\">1 le\u00e7on par jour<\/li>\n<li data-section-id=\"wy4sq3\" data-start=\"1148\" data-end=\"1177\">Exercices oraux et \u00e9crits<\/li>\n<li data-section-id=\"dqqns4\" data-start=\"1178\" data-end=\"1202\">R\u00e9visions r\u00e9guli\u00e8res<\/li>\n<li data-section-id=\"d4623m\" data-start=\"1203\" data-end=\"1240\">Encadrement p\u00e9dagogique structur\u00e9<\/li>\n<\/ul>\n<h2 data-section-id=\"mfsw9b\" data-start=\"1247\" data-end=\"1265\">\ud83d\udcc5 Organisation<\/h2>\n<ul data-start=\"1267\" data-end=\"1377\">\n<li data-section-id=\"tkwdvn\" data-start=\"1267\" data-end=\"1289\">Dur\u00e9e : 5 semaines<\/li>\n<li data-section-id=\"1g7h907\" data-start=\"1290\" data-end=\"1313\">5 jours par semaine<\/li>\n<li data-section-id=\"952bn8\" data-start=\"1314\" data-end=\"1345\">3h de cours par jour<\/li>\n<li data-section-id=\"18i9ytb\" data-start=\"1346\" data-end=\"1377\">Travail personnel quotidien<\/li>\n<\/ul>\n<h2 data-section-id=\"1izsw8n\" data-start=\"1384\" data-end=\"1416\">\ud83d\udc69\u200d\ud83c\udfeb Organisation sp\u00e9cifique<\/h2>\n<ul data-start=\"1418\" data-end=\"1516\">\n<li data-section-id=\"1fsz06j\" data-start=\"1418\" data-end=\"1449\">Groupes r\u00e9serv\u00e9s aux femmes<\/li>\n<li data-section-id=\"1toaxft\" data-start=\"1450\" data-end=\"1472\">Encadrement adapt\u00e9<\/li>\n<li data-section-id=\"4z8wrb\" data-start=\"1473\" data-end=\"1516\">Environnement propice \u00e0 l\u2019apprentissage<\/li>\n<\/ul>\n<h2 data-section-id=\"1hb3bvh\" data-start=\"1523\" data-end=\"1540\">\ud83c\udfe0 H\u00e9bergement<\/h2>\n<p data-start=\"1542\" data-end=\"1592\">\u26a0\ufe0f Le logement n\u2019est pas inclus dans ce programme.<\/p>\n<h2 data-section-id=\"1abzdlg\" data-start=\"1727\" data-end=\"1757\">\ud83d\udc65 Organisation des groupes<\/h2>\n<p data-start=\"1759\" data-end=\"1805\">Les groupes sont constitu\u00e9s apr\u00e8s validation :<\/p>\n<ul data-start=\"1807\" data-end=\"1841\">\n<li data-section-id=\"7bqu5\" data-start=\"1807\" data-end=\"1819\">D\u00e9butant<\/li>\n<li data-section-id=\"xxu90q\" data-start=\"1820\" data-end=\"1830\">Interm\u00e9diaires<\/li>\n<li data-section-id=\"xxu9t5\" data-start=\"1831\" data-end=\"1841\">Avanc\u00e9s<\/li>\n<\/ul>\n<h2 data-section-id=\"1dkpwst\" data-start=\"1848\" data-end=\"1872\">\u26a0\ufe0f Conditions d\u2019acc\u00e8s<\/h2>\n<ul data-start=\"1874\" data-end=\"1989\">\n<li data-section-id=\"1q4ipxw\" data-start=\"1874\" data-end=\"1904\">Test de niveau obligatoire<\/li>\n<li data-section-id=\"17yd0xm\" data-start=\"1905\" data-end=\"1938\">Candidature pr\u00e9alable requise<\/li>\n<li data-section-id=\"13n8clj\" data-start=\"1939\" data-end=\"1969\">Engagement s\u00e9rieux attendu<\/li>\n<li data-section-id=\"z6afvu\" data-start=\"1970\" data-end=\"1989\">Places limit\u00e9es<\/li>\n<\/ul>\n<h2 data-section-id=\"1htjcq6\" data-start=\"1996\" data-end=\"2012\">\ud83e\uddfe Validation<\/h2>\n<ul data-start=\"2014\" data-end=\"2096\">\n<li data-section-id=\"1c7ms2p\" data-start=\"2014\" data-end=\"2040\">\u00c9valuations r\u00e9guli\u00e8res<\/li>\n<li data-section-id=\"nnmzni\" data-start=\"2041\" data-end=\"2057\">Examen final<\/li>\n<li data-section-id=\"zv5mzr\" data-start=\"2058\" data-end=\"2096\">Certificat d\u00e9livr\u00e9 sous conditions<\/li>\n<\/ul>\n<h2 data-section-id=\"13kkmgm\" data-start=\"2103\" data-end=\"2118\">\ud83d\udea8 Important<\/h2>\n<p data-start=\"2120\" data-end=\"2262\">Ce programme demande un investissement r\u00e9el et une implication constante.<br data-start=\"2193\" data-end=\"2196\" \/>Il s\u2019adresse aux participantes souhaitant progresser s\u00e9rieusement.<\/p>","protected":false},"excerpt":{"rendered":"<p>\ud83c\udfdb Programme Intensif Arabe \u2013 M\u00e9dine (Sans logement) Ce programme est con\u00e7u pour les personnes (femmes &amp; hommes) souhaitant apprendre [&hellip;]<\/p>","protected":false},"featured_media":2815,"template":"","meta":{"site-sidebar-layout":"default","site-content-layout":"","ast-site-content-layout":"default","site-content-style":"default","site-sidebar-style":"default","ast-global-header-display":"","ast-banner-title-visibility":"","ast-main-header-display":"","ast-hfb-above-header-display":"","ast-hfb-below-header-display":"","ast-hfb-mobile-header-display":"","site-post-title":"","ast-breadcrumbs-content":"","ast-featured-img":"","footer-sml-layout":"","theme-transparent-header-meta":"default","adv-header-id-meta":"","stick-header-meta":"","header-above-stick-meta":"","header-main-stick-meta":"","header-below-stick-meta":"","astra-migrate-meta-layouts":"set","ast-page-background-enabled":"default","ast-page-background-meta":{"desktop":{"background-color":"var(--ast-global-color-5)","background-image":"","background-repeat":"repeat","background-position":"center center","background-size":"auto","background-attachment":"scroll","background-type":"","background-media":"","overlay-type":"","overlay-color":"","overlay-opacity":"","overlay-gradient":""},"tablet":{"background-color":"","background-image":"","background-repeat":"repeat","background-position":"center center","background-size":"auto","background-attachment":"scroll","background-type":"","background-media":"","overlay-type":"","overlay-color":"","overlay-opacity":"","overlay-gradient":""},"mobile":{"background-color":"","background-image":"","background-repeat":"repeat","background-position":"center center","background-size":"auto","background-attachment":"scroll","background-type":"","background-media":"","overlay-type":"","overlay-color":"","overlay-opacity":"","overlay-gradient":""}},"ast-content-background-meta":{"desktop":{"background-color":"var(--ast-global-color-4)","background-image":"","background-repeat":"repeat","background-position":"center center","background-size":"auto","background-attachment":"scroll","background-type":"","background-media":"","overlay-type":"","overlay-color":"","overlay-opacity":"","overlay-gradient":""},"tablet":{"background-color":"var(--ast-global-color-4)","background-image":"","background-repeat":"repeat","background-position":"center center","background-size":"auto","background-attachment":"scroll","background-type":"","background-media":"","overlay-type":"","overlay-color":"","overlay-opacity":"","overlay-gradient":""},"mobile":{"background-color":"var(--ast-global-color-4)","background-image":"","background-repeat":"repeat","background-position":"center center","background-size":"auto","background-attachment":"scroll","background-type":"","background-media":"","overlay-type":"","overlay-color":"","overlay-opacity":"","overlay-gradient":""}},"_joinchat":[]},"product_brand":[],"product_cat":[17],"product_tag":[],"class_list":{"0":"post-2806","1":"product","2":"type-product","3":"status-publish","4":"has-post-thumbnail","6":"product_cat-uncategorized","7":"desktop-align-left","8":"tablet-align-left","9":"mobile-align-left","11":"first","12":"instock","13":"virtual","14":"purchasable","15":"product-type-simple"},"jetpack_sharing_enabled":true,"_links":{"self":[{"href":"https:\/\/medine-event.com\/en\/wp-json\/wp\/v2\/product\/2806","targetHints":{"allow":["GET"]}}],"collection":[{"href":"https:\/\/medine-event.com\/en\/wp-json\/wp\/v2\/product"}],"about":[{"href":"https:\/\/medine-event.com\/en\/wp-json\/wp\/v2\/types\/product"}],"wp:featuredmedia":[{"embeddable":true,"href":"https:\/\/medine-event.com\/en\/wp-json\/wp\/v2\/media\/2815"}],"wp:attachment":[{"href":"https:\/\/medine-event.com\/en\/wp-json\/wp\/v2\/media?parent=2806"}],"wp:term":[{"taxonomy":"product_brand","embeddable":true,"href":"https:\/\/medine-event.com\/en\/wp-json\/wp\/v2\/product_brand?post=2806"},{"taxonomy":"product_cat","embeddable":true,"href":"https:\/\/medine-event.com\/en\/wp-json\/wp\/v2\/product_cat?post=2806"},{"taxonomy":"product_tag","embeddable":true,"href":"https:\/\/medine-event.com\/en\/wp-json\/wp\/v2\/product_tag?post=2806"}],"curies":[{"name":"wp","href":"https:\/\/api.w.org\/{rel}","templated":true}]}}