{"id":2805,"date":"2026-04-15T21:46:57","date_gmt":"2026-04-15T21:46:57","guid":{"rendered":"https:\/\/medine-event.com\/?post_type=product&#038;p=2805"},"modified":"2026-04-20T06:58:38","modified_gmt":"2026-04-20T06:58:38","slug":"programme-intensif-arabe-medine-5-semaines-pour-homme-hebergement-inclus","status":"publish","type":"product","link":"https:\/\/medine-event.com\/en\/product\/programme-intensif-arabe-medine-5-semaines-pour-homme-hebergement-inclus\/","title":{"rendered":"Programme Intensif Arabe M\u00e9dine (5 semaines) pour Homme \u2013 H\u00e9bergement inclus"},"content":{"rendered":"<div class=\"relative basis-auto flex-col -mb-(--composer-overlap-px) pb-(--composer-overlap-px) [--composer-overlap-px:28px] grow flex\">\n<div class=\"flex flex-col text-sm pb-25\">\n<section class=\"text-token-text-primary w-full focus:outline-none [--shadow-height:45px] has-data-writing-block:pointer-events-none has-data-writing-block:-mt-(--shadow-height) has-data-writing-block:pt-(--shadow-height) [&amp;:has([data-writing-block])&gt;*]:pointer-events-auto scroll-mt-[calc(var(--header-height)+min(200px,max(70px,20svh)))]\" dir=\"auto\" data-turn-id=\"request-69a47040-2a00-8326-9d16-37f72e29cbc7-45\" data-testid=\"conversation-turn-34\" data-scroll-anchor=\"true\" data-turn=\"assistant\">\n<div class=\"text-base my-auto mx-auto pb-10 [--thread-content-margin:var(--thread-content-margin-xs,calc(var(--spacing)*4))] @w-sm\/main:[--thread-content-margin:var(--thread-content-margin-sm,calc(var(--spacing)*6))] @w-lg\/main:[--thread-content-margin:var(--thread-content-margin-lg,calc(var(--spacing)*16))] px-(--thread-content-margin)\">\n<div class=\"[--thread-content-max-width:40rem] @w-lg\/main:[--thread-content-max-width:48rem] mx-auto max-w-(--thread-content-max-width) flex-1 group\/turn-messages focus-visible:outline-hidden relative flex w-full min-w-0 flex-col agent-turn\">\n<div class=\"flex max-w-full flex-col gap-4 grow\">\n<div class=\"min-h-8 text-message relative flex w-full flex-col items-end gap-2 text-start break-words whitespace-normal outline-none keyboard-focused:focus-ring [.text-message+&amp;]:mt-1\" dir=\"auto\" tabindex=\"0\" data-message-author-role=\"assistant\" data-message-id=\"e8369429-957a-4e02-b9c5-ea63cea71f79\" data-message-model-slug=\"gpt-5-3\" data-turn-start-message=\"true\">\n<div class=\"flex w-full flex-col gap-1 empty:hidden\">\n<div class=\"markdown prose dark:prose-invert w-full wrap-break-word light markdown-new-styling\">\n<h2 data-section-id=\"15t07we\" data-start=\"556\" data-end=\"595\">\ud83c\udfdb Programme Intensif Arabe \u2013 M\u00e9dine<\/h2>\n<p data-start=\"597\" data-end=\"763\">Ce programme s\u2019adresse aux \u00e9tudiants souhaitant apprendre l\u2019arabe de mani\u00e8re s\u00e9rieuse, structur\u00e9e et progressive, \u00e0 partir de la m\u00e9thode reconnue des Tomes de M\u00e9dine.<\/p>\n<p data-start=\"765\" data-end=\"885\">Organis\u00e9 \u00e0 M\u00e9dine, ce programme combine rigueur acad\u00e9mique et immersion dans un environnement propice \u00e0 l\u2019apprentissage.<\/p>\n<h2 data-section-id=\"o0r3ma\" data-start=\"892\" data-end=\"920\">\ud83c\udfaf Objectifs du programme<\/h2>\n<ul data-start=\"922\" data-end=\"1107\">\n<li data-section-id=\"ou0yez\" data-start=\"922\" data-end=\"968\">Acqu\u00e9rir des bases solides en langue arabe<\/li>\n<li data-section-id=\"qnuvz3\" data-start=\"969\" data-end=\"1025\">Comprendre les structures grammaticales essentielles<\/li>\n<li data-section-id=\"1uxd9rp\" data-start=\"1026\" data-end=\"1066\">Lire et analyser des phrases simples<\/li>\n<li data-section-id=\"10c3pas\" data-start=\"1067\" data-end=\"1107\">D\u00e9velopper une autonomie progressive<\/li>\n<\/ul>\n<h2 data-section-id=\"xetdue\" data-start=\"1114\" data-end=\"1132\">\ud83d\udcda M\u00e9thodologie<\/h2>\n<ul data-start=\"1134\" data-end=\"1301\">\n<li data-section-id=\"phmhc0\" data-start=\"1134\" data-end=\"1176\">Programme bas\u00e9 sur les Tomes de M\u00e9dine<\/li>\n<li data-section-id=\"15g1etz\" data-start=\"1177\" data-end=\"1197\">1 le\u00e7on par jour<\/li>\n<li data-section-id=\"ewhwrs\" data-start=\"1198\" data-end=\"1238\">Exercices oraux et \u00e9crits quotidiens<\/li>\n<li data-section-id=\"dqqns4\" data-start=\"1239\" data-end=\"1263\">R\u00e9visions r\u00e9guli\u00e8res<\/li>\n<li data-section-id=\"d4623m\" data-start=\"1264\" data-end=\"1301\">Encadrement p\u00e9dagogique structur\u00e9<\/li>\n<\/ul>\n<h2 data-section-id=\"mfsw9b\" data-start=\"1308\" data-end=\"1326\">\ud83d\udcc5 Organisation<\/h2>\n<ul data-start=\"1328\" data-end=\"1438\">\n<li data-section-id=\"tkwdvn\" data-start=\"1328\" data-end=\"1350\">Dur\u00e9e : 5 semaines<\/li>\n<li data-section-id=\"1g7h907\" data-start=\"1351\" data-end=\"1374\">5 jours par semaine<\/li>\n<li data-section-id=\"952bn8\" data-start=\"1375\" data-end=\"1406\">3h30 \u00e0 4h de cours par jour<\/li>\n<li data-section-id=\"18i9ytb\" data-start=\"1407\" data-end=\"1438\">Travail personnel quotidien<\/li>\n<\/ul>\n<h2 data-section-id=\"w44isz\" data-start=\"1445\" data-end=\"1469\">\ud83c\udfe0 H\u00e9bergement inclus<\/h2>\n<p data-start=\"1471\" data-end=\"1524\">Le programme inclut un logement adapt\u00e9 aux \u00e9tudiants.<\/p>\n<ul data-start=\"1526\" data-end=\"1608\">\n<li data-section-id=\"1fhzwj\" data-start=\"1526\" data-end=\"1546\">Logement partag\u00e9<\/li>\n<li data-section-id=\"s3mjxf\" data-start=\"1547\" data-end=\"1581\">Proximit\u00e9 du lieu de formation<\/li>\n<li data-section-id=\"kxg98q\" data-start=\"1582\" data-end=\"1608\">Organisation facilit\u00e9e<\/li>\n<\/ul>\n<h2 data-section-id=\"1abzdlg\" data-start=\"1615\" data-end=\"1645\">\ud83d\udc65 Organisation des groupes<\/h2>\n<p data-start=\"1647\" data-end=\"1704\">Les groupes sont constitu\u00e9s apr\u00e8s validation du dossier :<\/p>\n<ul data-start=\"1706\" data-end=\"1740\">\n<li data-section-id=\"7bqu5\" data-start=\"1706\" data-end=\"1718\">D\u00e9butant<\/li>\n<li data-section-id=\"xxu90q\" data-start=\"1719\" data-end=\"1729\">Tome 1<\/li>\n<li data-section-id=\"xxu9t5\" data-start=\"1730\" data-end=\"1740\">Tome 2<\/li>\n<\/ul>\n<h2 data-section-id=\"1dkpwst\" data-start=\"1747\" data-end=\"1771\">\u26a0\ufe0f Conditions d\u2019acc\u00e8s<\/h2>\n<ul data-start=\"1773\" data-end=\"1896\">\n<li data-section-id=\"1q4ipxw\" data-start=\"1773\" data-end=\"1803\">Test de niveau obligatoire<\/li>\n<li data-section-id=\"17yd0xm\" data-start=\"1804\" data-end=\"1837\">Candidature pr\u00e9alable requise<\/li>\n<li data-section-id=\"13n8clj\" data-start=\"1838\" data-end=\"1868\">Engagement s\u00e9rieux attendu<\/li>\n<li data-section-id=\"155kon8\" data-start=\"1869\" data-end=\"1896\">Nombre de places limit\u00e9<\/li>\n<\/ul>\n<h2 data-section-id=\"1htjcq6\" data-start=\"1903\" data-end=\"1919\">\ud83e\uddfe Validation<\/h2>\n<ul data-start=\"1921\" data-end=\"2003\">\n<li data-section-id=\"1c7ms2p\" data-start=\"1921\" data-end=\"1947\">\u00c9valuations r\u00e9guli\u00e8res<\/li>\n<li data-section-id=\"nnmzni\" data-start=\"1948\" data-end=\"1964\">Examen final<\/li>\n<li data-section-id=\"zv5mzr\" data-start=\"1965\" data-end=\"2003\">Certificat d\u00e9livr\u00e9 sous conditions<\/li>\n<\/ul>\n<h2 data-section-id=\"13kkmgm\" data-start=\"2010\" data-end=\"2025\">\ud83d\udea8 Important<\/h2>\n<p data-start=\"2027\" data-end=\"2160\">Ce programme est exigeant et demande un investissement r\u00e9el.<br data-start=\"2087\" data-end=\"2090\" \/>Il est destin\u00e9 aux \u00e9tudiants souhaitant progresser de mani\u00e8re durable.<\/p>\n<\/div>\n<\/div>\n<\/div>\n<\/div>\n<\/div>\n<\/div>\n<\/section>\n<\/div>\n<\/div>","protected":false},"excerpt":{"rendered":"<p>\ud83c\udfdb Programme Intensif Arabe \u2013 M\u00e9dine Ce programme s\u2019adresse aux \u00e9tudiants souhaitant apprendre l\u2019arabe de mani\u00e8re s\u00e9rieuse, structur\u00e9e et progressive, [&hellip;]<\/p>","protected":false},"featured_media":2816,"template":"","meta":{"site-sidebar-layout":"default","site-content-layout":"","ast-site-content-layout":"default","site-content-style":"default","site-sidebar-style":"default","ast-global-header-display":"","ast-banner-title-visibility":"","ast-main-header-display":"","ast-hfb-above-header-display":"","ast-hfb-below-header-display":"","ast-hfb-mobile-header-display":"","site-post-title":"","ast-breadcrumbs-content":"","ast-featured-img":"","footer-sml-layout":"","theme-transparent-header-meta":"default","adv-header-id-meta":"","stick-header-meta":"","header-above-stick-meta":"","header-main-stick-meta":"","header-below-stick-meta":"","astra-migrate-meta-layouts":"set","ast-page-background-enabled":"default","ast-page-background-meta":{"desktop":{"background-color":"var(--ast-global-color-5)","background-image":"","background-repeat":"repeat","background-position":"center center","background-size":"auto","background-attachment":"scroll","background-type":"","background-media":"","overlay-type":"","overlay-color":"","overlay-opacity":"","overlay-gradient":""},"tablet":{"background-color":"","background-image":"","background-repeat":"repeat","background-position":"center center","background-size":"auto","background-attachment":"scroll","background-type":"","background-media":"","overlay-type":"","overlay-color":"","overlay-opacity":"","overlay-gradient":""},"mobile":{"background-color":"","background-image":"","background-repeat":"repeat","background-position":"center center","background-size":"auto","background-attachment":"scroll","background-type":"","background-media":"","overlay-type":"","overlay-color":"","overlay-opacity":"","overlay-gradient":""}},"ast-content-background-meta":{"desktop":{"background-color":"var(--ast-global-color-4)","background-image":"","background-repeat":"repeat","background-position":"center center","background-size":"auto","background-attachment":"scroll","background-type":"","background-media":"","overlay-type":"","overlay-color":"","overlay-opacity":"","overlay-gradient":""},"tablet":{"background-color":"var(--ast-global-color-4)","background-image":"","background-repeat":"repeat","background-position":"center center","background-size":"auto","background-attachment":"scroll","background-type":"","background-media":"","overlay-type":"","overlay-color":"","overlay-opacity":"","overlay-gradient":""},"mobile":{"background-color":"var(--ast-global-color-4)","background-image":"","background-repeat":"repeat","background-position":"center center","background-size":"auto","background-attachment":"scroll","background-type":"","background-media":"","overlay-type":"","overlay-color":"","overlay-opacity":"","overlay-gradient":""}},"_joinchat":[]},"product_brand":[],"product_cat":[17],"product_tag":[],"class_list":{"0":"post-2805","1":"product","2":"type-product","3":"status-publish","4":"has-post-thumbnail","6":"product_cat-uncategorized","7":"desktop-align-left","8":"tablet-align-left","9":"mobile-align-left","11":"first","12":"instock","13":"virtual","14":"purchasable","15":"product-type-simple"},"jetpack_sharing_enabled":true,"_links":{"self":[{"href":"https:\/\/medine-event.com\/en\/wp-json\/wp\/v2\/product\/2805","targetHints":{"allow":["GET"]}}],"collection":[{"href":"https:\/\/medine-event.com\/en\/wp-json\/wp\/v2\/product"}],"about":[{"href":"https:\/\/medine-event.com\/en\/wp-json\/wp\/v2\/types\/product"}],"wp:featuredmedia":[{"embeddable":true,"href":"https:\/\/medine-event.com\/en\/wp-json\/wp\/v2\/media\/2816"}],"wp:attachment":[{"href":"https:\/\/medine-event.com\/en\/wp-json\/wp\/v2\/media?parent=2805"}],"wp:term":[{"taxonomy":"product_brand","embeddable":true,"href":"https:\/\/medine-event.com\/en\/wp-json\/wp\/v2\/product_brand?post=2805"},{"taxonomy":"product_cat","embeddable":true,"href":"https:\/\/medine-event.com\/en\/wp-json\/wp\/v2\/product_cat?post=2805"},{"taxonomy":"product_tag","embeddable":true,"href":"https:\/\/medine-event.com\/en\/wp-json\/wp\/v2\/product_tag?post=2805"}],"curies":[{"name":"wp","href":"https:\/\/api.w.org\/{rel}","templated":true}]}}