{"id":948,"date":"2025-10-06T12:56:00","date_gmt":"2025-10-06T12:56:00","guid":{"rendered":"https:\/\/medine-event.com\/?page_id=948"},"modified":"2025-10-06T21:04:35","modified_gmt":"2025-10-06T21:04:35","slug":"cookies","status":"publish","type":"page","link":"https:\/\/medine-event.com\/en\/cookies\/","title":{"rendered":"Cookies"},"content":{"rendered":"<div data-elementor-type=\"wp-page\" data-elementor-id=\"948\" class=\"elementor elementor-948\" data-elementor-post-type=\"page\">\n\t\t\t\t<div class=\"elementor-element elementor-element-33be599 e-flex e-con-boxed e-con e-parent\" data-id=\"33be599\" data-element_type=\"container\">\n\t\t\t\t\t<div class=\"e-con-inner\">\n\t\t\t\t<div class=\"elementor-element elementor-element-01caf6e elementor-widget elementor-widget-text-editor\" data-id=\"01caf6e\" data-element_type=\"widget\" data-widget_type=\"text-editor.default\">\n\t\t\t\t\t\t\t\t\t<h1 data-start=\"208\" data-end=\"251\">Politique Cookies \u2013 medine-event.com<\/h1><p data-start=\"253\" data-end=\"283\"><strong data-start=\"253\" data-end=\"283\">En vigueur au : 06\/10\/2025<\/strong><\/p><hr data-start=\"285\" data-end=\"288\" \/><h3 data-start=\"290\" data-end=\"323\">1. Qu\u2019est-ce qu\u2019un cookie ?<\/h3><p data-start=\"324\" data-end=\"525\">Un cookie est un petit fichier texte enregistr\u00e9 sur votre appareil lors de la navigation sur un site internet.<br data-start=\"434\" data-end=\"437\" \/>Il permet au site de m\u00e9moriser certaines informations (pr\u00e9f\u00e9rences, navigation, etc.).<\/p><hr data-start=\"527\" data-end=\"530\" \/><h3 data-start=\"532\" data-end=\"578\">2. Cookies utilis\u00e9s sur medine-event.com<\/h3><p data-start=\"579\" data-end=\"619\">Le site utilise les cookies suivants :<\/p><ul data-start=\"620\" data-end=\"948\"><li data-start=\"620\" data-end=\"712\"><p data-start=\"622\" data-end=\"712\"><strong data-start=\"622\" data-end=\"645\">Cookies n\u00e9cessaires<\/strong> : assurent le bon fonctionnement du site (navigation, s\u00e9curit\u00e9).<\/p><\/li><li data-start=\"713\" data-end=\"837\"><p data-start=\"715\" data-end=\"837\"><strong data-start=\"715\" data-end=\"747\">Cookies de mesure d\u2019audience<\/strong> (ex. Google Analytics) : permettent d\u2019analyser la fr\u00e9quentation et d\u2019am\u00e9liorer le site.<\/p><\/li><li data-start=\"838\" data-end=\"948\"><p data-start=\"840\" data-end=\"948\"><strong data-start=\"840\" data-end=\"857\">Cookies tiers<\/strong> (si pr\u00e9sents, ex. vid\u00e9os int\u00e9gr\u00e9es, r\u00e9seaux sociaux) : plac\u00e9s par des services externes.<\/p><\/li><\/ul><hr data-start=\"950\" data-end=\"953\" \/><h3 data-start=\"955\" data-end=\"976\">3. Consentement<\/h3><p data-start=\"977\" data-end=\"1097\">Lors de votre premi\u00e8re visite sur le site, un bandeau vous informe de l\u2019utilisation de cookies.<br data-start=\"1072\" data-end=\"1075\" \/>Vous avez le choix :<\/p><ul data-start=\"1098\" data-end=\"1205\"><li data-start=\"1098\" data-end=\"1128\"><p data-start=\"1100\" data-end=\"1128\">Accepter tous les cookies,<\/p><\/li><li data-start=\"1129\" data-end=\"1173\"><p data-start=\"1131\" data-end=\"1173\">Refuser tous les cookies non essentiels,<\/p><\/li><li data-start=\"1174\" data-end=\"1205\"><p data-start=\"1176\" data-end=\"1205\">Param\u00e9trer vos pr\u00e9f\u00e9rences.<\/p><\/li><\/ul><hr data-start=\"1207\" data-end=\"1210\" \/><h3 data-start=\"1212\" data-end=\"1240\">4. Gestion des cookies<\/h3><p data-start=\"1241\" data-end=\"1357\">Vous pouvez \u00e0 tout moment d\u00e9sactiver ou supprimer les cookies via les param\u00e8tres de votre navigateur.<br data-start=\"1342\" data-end=\"1345\" \/>Exemples :<\/p><ul data-start=\"1358\" data-end=\"1541\"><li data-start=\"1358\" data-end=\"1421\"><p data-start=\"1360\" data-end=\"1421\">Chrome : Param\u00e8tres \u2192 Confidentialit\u00e9 et s\u00e9curit\u00e9 \u2192 Cookies<\/p><\/li><li data-start=\"1422\" data-end=\"1478\"><p data-start=\"1424\" data-end=\"1478\">Firefox : Options \u2192 Vie priv\u00e9e et s\u00e9curit\u00e9 \u2192 Cookies<\/p><\/li><li data-start=\"1479\" data-end=\"1541\"><p data-start=\"1481\" data-end=\"1541\">Safari : Pr\u00e9f\u00e9rences \u2192 Confidentialit\u00e9 \u2192 G\u00e9rer les cookies<\/p><\/li><\/ul><hr data-start=\"1543\" data-end=\"1546\" \/><h3 data-start=\"1548\" data-end=\"1578\">5. Dur\u00e9e de conservation<\/h3><p data-start=\"1579\" data-end=\"1697\">Les cookies sont conserv\u00e9s pour une dur\u00e9e maximale de <strong data-start=\"1633\" data-end=\"1644\">13 mois<\/strong> \u00e0 compter de leur installation sur votre appareil.<\/p><hr data-start=\"1699\" data-end=\"1702\" \/><h3 data-start=\"1704\" data-end=\"1720\">6. Contact<\/h3><p data-start=\"1721\" data-end=\"1820\">Pour toute question relative aux cookies, vous pouvez nous \u00e9crire \u00e0 : <a class=\"decorated-link cursor-pointer\" rel=\"noopener\" data-start=\"740\" data-end=\"762\">contact@medine-event.com<\/a><\/p>\t\t\t\t\t\t\t\t<\/div>\n\t\t\t\t\t<\/div>\n\t\t\t\t<\/div>\n\t\t\t\t<\/div>","protected":false},"excerpt":{"rendered":"<p>Politique Cookies \u2013 medine-event.com En vigueur au : 06\/10\/2025 1. Qu\u2019est-ce qu\u2019un cookie ? Un cookie est un petit fichier [&hellip;]<\/p>","protected":false},"author":1,"featured_media":0,"parent":0,"menu_order":0,"comment_status":"closed","ping_status":"closed","template":"","meta":{"site-sidebar-layout":"no-sidebar","site-content-layout":"","ast-site-content-layout":"full-width-container","site-content-style":"default","site-sidebar-style":"default","ast-global-header-display":"","ast-banner-title-visibility":"","ast-main-header-display":"","ast-hfb-above-header-display":"","ast-hfb-below-header-display":"","ast-hfb-mobile-header-display":"","site-post-title":"","ast-breadcrumbs-content":"","ast-featured-img":"disabled","footer-sml-layout":"","theme-transparent-header-meta":"","adv-header-id-meta":"","stick-header-meta":"","header-above-stick-meta":"","header-main-stick-meta":"","header-below-stick-meta":"","astra-migrate-meta-layouts":"default","ast-page-background-enabled":"default","ast-page-background-meta":{"desktop":{"background-color":"var(--ast-global-color-5)","background-image":"","background-repeat":"repeat","background-position":"center center","background-size":"auto","background-attachment":"scroll","background-type":"","background-media":"","overlay-type":"","overlay-color":"","overlay-opacity":"","overlay-gradient":""},"tablet":{"background-color":"","background-image":"","background-repeat":"repeat","background-position":"center center","background-size":"auto","background-attachment":"scroll","background-type":"","background-media":"","overlay-type":"","overlay-color":"","overlay-opacity":"","overlay-gradient":""},"mobile":{"background-color":"","background-image":"","background-repeat":"repeat","background-position":"center center","background-size":"auto","background-attachment":"scroll","background-type":"","background-media":"","overlay-type":"","overlay-color":"","overlay-opacity":"","overlay-gradient":""}},"ast-content-background-meta":{"desktop":{"background-color":"var(--ast-global-color-4)","background-image":"","background-repeat":"repeat","background-position":"center center","background-size":"auto","background-attachment":"scroll","background-type":"","background-media":"","overlay-type":"","overlay-color":"","overlay-opacity":"","overlay-gradient":""},"tablet":{"background-color":"var(--ast-global-color-4)","background-image":"","background-repeat":"repeat","background-position":"center center","background-size":"auto","background-attachment":"scroll","background-type":"","background-media":"","overlay-type":"","overlay-color":"","overlay-opacity":"","overlay-gradient":""},"mobile":{"background-color":"var(--ast-global-color-4)","background-image":"","background-repeat":"repeat","background-position":"center center","background-size":"auto","background-attachment":"scroll","background-type":"","background-media":"","overlay-type":"","overlay-color":"","overlay-opacity":"","overlay-gradient":""}},"_joinchat":[],"footnotes":""},"class_list":["post-948","page","type-page","status-publish","hentry"],"_hostinger_reach_plugin_has_subscription_block":false,"_hostinger_reach_plugin_is_elementor":false,"jetpack_sharing_enabled":true,"_links":{"self":[{"href":"https:\/\/medine-event.com\/en\/wp-json\/wp\/v2\/pages\/948","targetHints":{"allow":["GET"]}}],"collection":[{"href":"https:\/\/medine-event.com\/en\/wp-json\/wp\/v2\/pages"}],"about":[{"href":"https:\/\/medine-event.com\/en\/wp-json\/wp\/v2\/types\/page"}],"author":[{"embeddable":true,"href":"https:\/\/medine-event.com\/en\/wp-json\/wp\/v2\/users\/1"}],"replies":[{"embeddable":true,"href":"https:\/\/medine-event.com\/en\/wp-json\/wp\/v2\/comments?post=948"}],"version-history":[{"count":8,"href":"https:\/\/medine-event.com\/en\/wp-json\/wp\/v2\/pages\/948\/revisions"}],"predecessor-version":[{"id":1134,"href":"https:\/\/medine-event.com\/en\/wp-json\/wp\/v2\/pages\/948\/revisions\/1134"}],"wp:attachment":[{"href":"https:\/\/medine-event.com\/en\/wp-json\/wp\/v2\/media?parent=948"}],"curies":[{"name":"wp","href":"https:\/\/api.w.org\/{rel}","templated":true}]}}