{"id":69,"date":"2025-10-02T15:02:58","date_gmt":"2025-10-02T15:02:58","guid":{"rendered":"https:\/\/medine-event.com\/nous-contacter\/"},"modified":"2026-03-03T15:20:51","modified_gmt":"2026-03-03T15:20:51","slug":"nous-contacter","status":"publish","type":"page","link":"https:\/\/medine-event.com\/en\/nous-contacter\/","title":{"rendered":"Contact us"},"content":{"rendered":"<div data-elementor-type=\"wp-page\" data-elementor-id=\"69\" class=\"elementor elementor-69\" data-elementor-post-type=\"page\">\n\t\t\t\t<div class=\"elementor-element elementor-element-3ace3390 e-flex e-con-boxed e-con e-parent\" data-id=\"3ace3390\" data-element_type=\"container\" data-settings=\"{&quot;background_background&quot;:&quot;classic&quot;}\">\n\t\t\t\t\t<div class=\"e-con-inner\">\n\t\t<div class=\"elementor-element elementor-element-6cfe18e6 e-con-full e-flex e-con e-child\" data-id=\"6cfe18e6\" data-element_type=\"container\">\n\t\t<div class=\"elementor-element elementor-element-6191b3cd e-con-full e-flex e-con e-child\" data-id=\"6191b3cd\" data-element_type=\"container\">\n\t\t<div class=\"elementor-element elementor-element-1808ff5e e-con-full e-flex e-con e-child\" data-id=\"1808ff5e\" data-element_type=\"container\">\n\t\t\t\t<div class=\"elementor-element elementor-element-c5b510c elementor-widget elementor-widget-heading\" data-id=\"c5b510c\" data-element_type=\"widget\" data-widget_type=\"heading.default\">\n\t\t\t\t\t<h2 class=\"elementor-heading-title elementor-size-default\">Contactez Medine Event<\/h2>\t\t\t\t<\/div>\n\t\t\t\t<div class=\"elementor-element elementor-element-59f7d508 elementor-widget__width-inherit elementor-widget elementor-widget-text-editor\" data-id=\"59f7d508\" data-element_type=\"widget\" data-widget_type=\"text-editor.default\">\n\t\t\t\t\t\t\t\t\t<p>Une question, une demande de disponibilit\u00e9 ou pour choisir votre r\u00e9sidence ?<\/p><p>Notre \u00e9quipe vous r\u00e9pond rapidement.<\/p>\t\t\t\t\t\t\t\t<\/div>\n\t\t\t\t<\/div>\n\t\t\t\t<\/div>\n\t\t<div class=\"elementor-element elementor-element-7383a8fe e-flex e-con-boxed e-con e-child\" data-id=\"7383a8fe\" data-element_type=\"container\">\n\t\t\t\t\t<div class=\"e-con-inner\">\n\t\t<div class=\"elementor-element elementor-element-6ee3799e e-con-full e-flex e-con e-child\" data-id=\"6ee3799e\" data-element_type=\"container\">\n\t\t\t\t<div class=\"elementor-element elementor-element-36e0fc10 elementor-vertical-align-top elementor-widget elementor-widget-image-box\" data-id=\"36e0fc10\" data-element_type=\"widget\" data-widget_type=\"image-box.default\">\n\t\t\t\t\t<div class=\"elementor-image-box-wrapper\"><div class=\"elementor-image-box-content\"><h4 class=\"elementor-image-box-title\">E-mail (g\u00e9n\u00e9ral) <\/h4><p class=\"elementor-image-box-description\"> contact@medine-event.com<\/p><\/div><\/div>\t\t\t\t<\/div>\n\t\t\t\t<div class=\"elementor-element elementor-element-67203e7b elementor-widget-divider--view-line elementor-widget elementor-widget-divider\" data-id=\"67203e7b\" data-element_type=\"widget\" data-widget_type=\"divider.default\">\n\t\t\t\t\t\t\t<div class=\"elementor-divider\">\n\t\t\t<span class=\"elementor-divider-separator\">\n\t\t\t\t\t\t<\/span>\n\t\t<\/div>\n\t\t\t\t\t\t<\/div>\n\t\t\t\t<div class=\"elementor-element elementor-element-e585680 elementor-button-align-stretch elementor-widget elementor-widget-form\" data-id=\"e585680\" data-element_type=\"widget\" data-settings=\"{&quot;step_next_label&quot;:&quot;Suivant&quot;,&quot;step_previous_label&quot;:&quot;Pr\\u00e9c\\u00e9dent&quot;,&quot;button_width&quot;:&quot;100&quot;,&quot;step_type&quot;:&quot;number_text&quot;,&quot;step_icon_shape&quot;:&quot;circle&quot;}\" data-widget_type=\"form.default\">\n\t\t\t\t\t\t\t<form class=\"elementor-form\" method=\"post\" name=\"Nouveau formulaire\" aria-label=\"Nouveau formulaire\" action=\"\">\n\t\t\t<input type=\"hidden\" name=\"post_id\" value=\"69\"\/>\n\t\t\t<input type=\"hidden\" name=\"form_id\" value=\"e585680\"\/>\n\t\t\t<input type=\"hidden\" name=\"referer_title\" value=\"Nous Contacter - medine-event.com\" \/>\n\n\t\t\t\t\t\t\t<input type=\"hidden\" name=\"queried_id\" value=\"69\"\/>\n\t\t\t\n\t\t\t<div class=\"elementor-form-fields-wrapper elementor-labels-above\">\n\t\t\t\t\t\t\t\t<div class=\"elementor-field-type-text elementor-field-group elementor-column elementor-field-group-name elementor-col-100\">\n\t\t\t\t\t\t\t\t\t\t\t\t<label for=\"form-field-name\" class=\"elementor-field-label\">\n\t\t\t\t\t\t\t\tNom\t\t\t\t\t\t\t<\/label>\n\t\t\t\t\t\t\t\t\t\t\t\t\t\t<input size=\"1\" type=\"text\" name=\"form_fields[name]\" id=\"form-field-name\" class=\"elementor-field elementor-size-sm  elementor-field-textual\" placeholder=\"Nom\">\n\t\t\t\t\t\t\t\t\t\t\t<\/div>\n\t\t\t\t\t\t\t\t<div class=\"elementor-field-type-email elementor-field-group elementor-column elementor-field-group-email elementor-col-100 elementor-field-required\">\n\t\t\t\t\t\t\t\t\t\t\t\t<label for=\"form-field-email\" class=\"elementor-field-label\">\n\t\t\t\t\t\t\t\tE-mail\t\t\t\t\t\t\t<\/label>\n\t\t\t\t\t\t\t\t\t\t\t\t\t\t<input size=\"1\" type=\"email\" name=\"form_fields[email]\" id=\"form-field-email\" class=\"elementor-field elementor-size-sm  elementor-field-textual\" placeholder=\"E-mail\" required=\"required\">\n\t\t\t\t\t\t\t\t\t\t\t<\/div>\n\t\t\t\t\t\t\t\t<div class=\"elementor-field-type-textarea elementor-field-group elementor-column elementor-field-group-message elementor-col-100\">\n\t\t\t\t\t\t\t\t\t\t\t\t<label for=\"form-field-message\" class=\"elementor-field-label\">\n\t\t\t\t\t\t\t\tMessage\t\t\t\t\t\t\t<\/label>\n\t\t\t\t\t\t<textarea class=\"elementor-field-textual elementor-field  elementor-size-sm\" name=\"form_fields[message]\" id=\"form-field-message\" rows=\"4\" placeholder=\"Message\"><\/textarea>\t\t\t\t<\/div>\n\t\t\t\t\t\t\t\t<div class=\"elementor-field-group elementor-column elementor-field-type-submit elementor-col-100 e-form__buttons\">\n\t\t\t\t\t<button class=\"elementor-button elementor-size-sm\" type=\"submit\">\n\t\t\t\t\t\t<span class=\"elementor-button-content-wrapper\">\n\t\t\t\t\t\t\t\t\t\t\t\t\t\t\t\t\t\t\t\t\t\t<span class=\"elementor-button-text\">Envoyer<\/span>\n\t\t\t\t\t\t\t\t\t\t\t\t\t<\/span>\n\t\t\t\t\t<\/button>\n\t\t\t\t<\/div>\n\t\t\t<\/div>\n\t\t<input type=\"hidden\" name=\"trp-form-language\" value=\"en\"\/><\/form>\n\t\t\t\t\t\t<\/div>\n\t\t\t\t<div class=\"elementor-element elementor-element-500383fe elementor-widget-divider--view-line elementor-widget elementor-widget-divider\" data-id=\"500383fe\" data-element_type=\"widget\" data-widget_type=\"divider.default\">\n\t\t\t\t\t\t\t<div class=\"elementor-divider\">\n\t\t\t<span class=\"elementor-divider-separator\">\n\t\t\t\t\t\t<\/span>\n\t\t<\/div>\n\t\t\t\t\t\t<\/div>\n\t\t\t\t<div class=\"elementor-element elementor-element-4253b887 elementor-widget elementor-widget-heading\" data-id=\"4253b887\" data-element_type=\"widget\" data-widget_type=\"heading.default\">\n\t\t\t\t\t<div class=\"elementor-heading-title elementor-size-default\">Nous revenons vers vous dans 48h maximum.<\/div>\t\t\t\t<\/div>\n\t\t\t\t<\/div>\n\t\t\t\t\t<\/div>\n\t\t\t\t<\/div>\n\t\t\t\t<\/div>\n\t\t\t\t\t<\/div>\n\t\t\t\t<\/div>\n\t\t<div class=\"elementor-element elementor-element-3592669b e-flex e-con-boxed e-con e-parent\" data-id=\"3592669b\" data-element_type=\"container\">\n\t\t\t\t\t<div class=\"e-con-inner\">\n\t\t<div class=\"elementor-element elementor-element-6a346771 e-con-full e-flex e-con e-child\" data-id=\"6a346771\" data-element_type=\"container\">\n\t\t<div class=\"elementor-element elementor-element-75313290 e-con-full e-flex e-con e-child\" data-id=\"75313290\" data-element_type=\"container\">\n\t\t<div class=\"elementor-element elementor-element-ed5c403 e-con-full e-flex e-con e-child\" data-id=\"ed5c403\" data-element_type=\"container\">\n\t\t\t\t<div class=\"elementor-element elementor-element-1ef05cca elementor-vertical-align-top elementor-widget elementor-widget-image-box\" data-id=\"1ef05cca\" data-element_type=\"widget\" data-widget_type=\"image-box.default\">\n\t\t\t\t\t<div class=\"elementor-image-box-wrapper\"><div class=\"elementor-image-box-content\"><h6 class=\"elementor-image-box-title\">Address<\/h6><p class=\"elementor-image-box-description\">Medine Event Insitute,\n7240 Yahya ibn Salim, Al Aridh, Madinah 42314<\/p><\/div><\/div>\t\t\t\t<\/div>\n\t\t\t\t<\/div>\n\t\t<div class=\"elementor-element elementor-element-43452232 e-con-full e-flex e-con e-child\" data-id=\"43452232\" data-element_type=\"container\">\n\t\t\t\t<div class=\"elementor-element elementor-element-7bf3ac25 elementor-vertical-align-top elementor-widget elementor-widget-image-box\" data-id=\"7bf3ac25\" data-element_type=\"widget\" data-widget_type=\"image-box.default\">\n\t\t\t\t\t<div class=\"elementor-image-box-wrapper\"><div class=\"elementor-image-box-content\"><h6 class=\"elementor-image-box-title\">Work hours<\/h6><p class=\"elementor-image-box-description\">Sun-Thu: 9:00-4:00<br>\nFri-Sat: week end<br>\n<\/p><\/div><\/div>\t\t\t\t<\/div>\n\t\t\t\t<\/div>\n\t\t<div class=\"elementor-element elementor-element-1f150d18 e-con-full e-flex e-con e-child\" data-id=\"1f150d18\" data-element_type=\"container\">\n\t\t\t\t<div class=\"elementor-element elementor-element-4461c043 elementor-vertical-align-top elementor-widget elementor-widget-image-box\" data-id=\"4461c043\" data-element_type=\"widget\" data-widget_type=\"image-box.default\">\n\t\t\t\t\t<div class=\"elementor-image-box-wrapper\"><div class=\"elementor-image-box-content\"><h6 class=\"elementor-image-box-title\">Phone<\/h6><p class=\"elementor-image-box-description\">+33 7 74 68 06 17\n\n+966 56 258 7014<\/p><\/div><\/div>\t\t\t\t<\/div>\n\t\t\t\t<\/div>\n\t\t\t\t<\/div>\n\t\t\t\t<\/div>\n\t\t\t\t\t<\/div>\n\t\t\t\t<\/div>\n\t\t<div class=\"elementor-element elementor-element-f9e72cb e-con-full e-flex e-con e-parent\" data-id=\"f9e72cb\" data-element_type=\"container\">\n\t\t<div class=\"elementor-element elementor-element-3a10143f e-con-full e-flex e-con e-child\" data-id=\"3a10143f\" data-element_type=\"container\">\n\t\t\t\t<div class=\"elementor-element elementor-element-253b8cd8 elementor-widget elementor-widget-google_maps\" data-id=\"253b8cd8\" data-element_type=\"widget\" data-widget_type=\"google_maps.default\">\n\t\t\t\t\t\t\t<div class=\"elementor-custom-embed\">\n\t\t\t<iframe loading=\"lazy\"\n\t\t\t\t\tsrc=\"https:\/\/maps.google.com\/maps?q=7240%20Yahya%20ibn%20Salim%2C%20Al%20Aridh%2C%20Madinah%2042314&#038;t=m&#038;z=14&#038;output=embed&#038;iwloc=near\"\n\t\t\t\t\ttitle=\"7240 Yahya ibn Salim, Al Aridh, Madinah 42314\"\n\t\t\t\t\taria-label=\"7240 Yahya ibn Salim, Al Aridh, Madinah 42314\"\n\t\t\t><\/iframe>\n\t\t<\/div>\n\t\t\t\t\t\t<\/div>\n\t\t\t\t<\/div>\n\t\t\t\t<\/div>\n\t\t\t\t<\/div>","protected":false},"excerpt":{"rendered":"<p>Contactez Medine Event Une question, une demande de disponibilit\u00e9 ou pour choisir votre r\u00e9sidence ? Notre \u00e9quipe vous r\u00e9pond rapidement. [&hellip;]<\/p>","protected":false},"author":1,"featured_media":0,"parent":0,"menu_order":0,"comment_status":"closed","ping_status":"closed","template":"","meta":{"site-sidebar-layout":"no-sidebar","site-content-layout":"page-builder","ast-site-content-layout":"default","site-content-style":"default","site-sidebar-style":"default","ast-global-header-display":"","ast-banner-title-visibility":"","ast-main-header-display":"","ast-hfb-above-header-display":"","ast-hfb-below-header-display":"","ast-hfb-mobile-header-display":"","site-post-title":"disabled","ast-breadcrumbs-content":"","ast-featured-img":"disabled","footer-sml-layout":"","theme-transparent-header-meta":"enabled","adv-header-id-meta":"","stick-header-meta":"","header-above-stick-meta":"","header-main-stick-meta":"","header-below-stick-meta":"","astra-migrate-meta-layouts":"default","ast-page-background-enabled":"default","ast-page-background-meta":{"desktop":{"background-color":"var(--ast-global-color-5)","background-image":"","background-repeat":"repeat","background-position":"center center","background-size":"auto","background-attachment":"scroll","background-type":"","background-media":"","overlay-type":"","overlay-color":"","overlay-opacity":"","overlay-gradient":""},"tablet":{"background-color":"","background-image":"","background-repeat":"repeat","background-position":"center center","background-size":"auto","background-attachment":"scroll","background-type":"","background-media":"","overlay-type":"","overlay-color":"","overlay-opacity":"","overlay-gradient":""},"mobile":{"background-color":"","background-image":"","background-repeat":"repeat","background-position":"center center","background-size":"auto","background-attachment":"scroll","background-type":"","background-media":"","overlay-type":"","overlay-color":"","overlay-opacity":"","overlay-gradient":""}},"ast-content-background-meta":{"desktop":{"background-color":"var(--ast-global-color-4)","background-image":"","background-repeat":"repeat","background-position":"center center","background-size":"auto","background-attachment":"scroll","background-type":"","background-media":"","overlay-type":"","overlay-color":"","overlay-opacity":"","overlay-gradient":""},"tablet":{"background-color":"var(--ast-global-color-4)","background-image":"","background-repeat":"repeat","background-position":"center center","background-size":"auto","background-attachment":"scroll","background-type":"","background-media":"","overlay-type":"","overlay-color":"","overlay-opacity":"","overlay-gradient":""},"mobile":{"background-color":"var(--ast-global-color-4)","background-image":"","background-repeat":"repeat","background-position":"center center","background-size":"auto","background-attachment":"scroll","background-type":"","background-media":"","overlay-type":"","overlay-color":"","overlay-opacity":"","overlay-gradient":""}},"_joinchat":[],"footnotes":""},"class_list":["post-69","page","type-page","status-publish","hentry"],"_hostinger_reach_plugin_has_subscription_block":false,"_hostinger_reach_plugin_is_elementor":false,"jetpack_sharing_enabled":true,"_links":{"self":[{"href":"https:\/\/medine-event.com\/en\/wp-json\/wp\/v2\/pages\/69","targetHints":{"allow":["GET"]}}],"collection":[{"href":"https:\/\/medine-event.com\/en\/wp-json\/wp\/v2\/pages"}],"about":[{"href":"https:\/\/medine-event.com\/en\/wp-json\/wp\/v2\/types\/page"}],"author":[{"embeddable":true,"href":"https:\/\/medine-event.com\/en\/wp-json\/wp\/v2\/users\/1"}],"replies":[{"embeddable":true,"href":"https:\/\/medine-event.com\/en\/wp-json\/wp\/v2\/comments?post=69"}],"version-history":[{"count":40,"href":"https:\/\/medine-event.com\/en\/wp-json\/wp\/v2\/pages\/69\/revisions"}],"predecessor-version":[{"id":2780,"href":"https:\/\/medine-event.com\/en\/wp-json\/wp\/v2\/pages\/69\/revisions\/2780"}],"wp:attachment":[{"href":"https:\/\/medine-event.com\/en\/wp-json\/wp\/v2\/media?parent=69"}],"curies":[{"name":"wp","href":"https:\/\/api.w.org\/{rel}","templated":true}]}}